{"id":42,"date":"2011-12-09T11:56:56","date_gmt":"2011-12-09T11:56:56","guid":{"rendered":"http:\/\/tita.gl\/?page_id=42"},"modified":"2012-08-31T06:43:08","modified_gmt":"2012-08-31T06:43:08","slug":"nina-s-kreutzmann","status":"publish","type":"page","link":"http:\/\/tita.gl\/index.php\/firmaprofil\/nina-s-kreutzmann","title":{"rendered":"Nina S. Kreutzmann"},"content":{"rendered":"<p><img loading=\"lazy\" class=\"size-full wp-image-108 alignleft\" style=\"margin-bottom: 24px;\" title=\"ninna_s_kreutzmann\" src=\"http:\/\/tita.gl\/wp-content\/uploads\/2011\/12\/ninna_s_kreutzmann1.jpg\" alt=\"\" width=\"511\" height=\"303\" srcset=\"http:\/\/tita.gl\/uploads\/2011\/12\/ninna_s_kreutzmann1.jpg 511w, http:\/\/tita.gl\/uploads\/2011\/12\/ninna_s_kreutzmann1-300x177.jpg 300w\" sizes=\"(max-width: 511px) 100vw, 511px\" \/><\/p>\n<h3>Nina Spore Kreutzmann<\/h3>\n<p>grafisk designer (ejer)<\/p>\n<h3>Uddannelse<\/h3>\n<ul>\n<li>Christianshavns Skole \u2013 10. klasse, 1979<\/li>\n<li>HF i Nuuk, 1981<\/li>\n<li>EFG basis\u00e5r i graf. fag, \u00c5lborg, 1982<\/li>\n<li>Skolen for Brugskunst i Kbh. \u2013 grafisk linie, 1986-1991<\/li>\n<li>G\u00e6stestuderende Danmarks Design Skole i Kbh. \u2013 Institut for Visuel Kommunikation &#8211; New Media 1998-1999<\/li>\n<\/ul>\n<h3>Arbejde<\/h3>\n<ul>\n<li>Reklametegner p\u00e5 Sydgr\u00f8nlands Bogtrykkeri, 1992-93<\/li>\n<li>Grafiker p\u00e5 forlaget Atuakkiorfik, 1993-2000<\/li>\n<li>Grafiker hos Toornaq 2001<\/li>\n<li>Ejer af Tegnestuen Tita, 1. Aug. 2001-<\/li>\n<\/ul>\n<h3>Udstillinger, tegneopgaver o.a.<\/h3>\n<ul>\n<li>Udstillet tegninger og malerier, i Gr\u00f8nland, Danmark, Norge og Holland.<\/li>\n<li>Lavet bogillustrationer, b\u00e5de til b\u00f8rneb\u00f8ger og bogomslag.<\/li>\n<li>Designet logoer, bla. Sundhedsv\u00e6snet, ICC, Ilik, Halibut Greenland.<\/li>\n<li>Forfattet og illustreret b\u00f8rnebogen, \u201dNikoline\u201d.<\/li>\n<li>Julem\u00e6rket i 1994.<\/li>\n<li>Frim\u00e6rker med sagn og myter, 2004.<\/li>\n<li>Frim\u00e6rkeserien om svampe i 2005-2006.<\/li>\n<\/ul>\n<p>&nbsp;<\/p>\n<p><a title=\"Portfolio\" href=\"http:\/\/tita.gl\/?page_id=16\" style=\"text-decoration:none; color:#20536d; font-weight:bold;\">Se mere under \u201cPortfolio\u201d<\/a><\/p>\n","protected":false},"excerpt":{"rendered":"<p>Nina Spore Kreutzmann grafisk designer (ejer) Uddannelse Christianshavns Skole \u2013 10. klasse, 1979 HF i Nuuk, 1981 EFG basis\u00e5r i graf. fag, \u00c5lborg, 1982 Skolen for Brugskunst i Kbh. \u2013 grafisk linie, 1986-1991 G\u00e6stestuderende Danmarks Design Skole i Kbh. \u2013 Institut for Visuel Kommunikation &#8211; New Media 1998-1999 Arbejde Reklametegner p\u00e5 Sydgr\u00f8nlands Bogtrykkeri, 1992-93 Grafiker [&hellip;]<\/p>\n","protected":false},"author":1,"featured_media":0,"parent":4,"menu_order":0,"comment_status":"open","ping_status":"open","template":"","meta":[],"_links":{"self":[{"href":"http:\/\/tita.gl\/index.php\/wp-json\/wp\/v2\/pages\/42"}],"collection":[{"href":"http:\/\/tita.gl\/index.php\/wp-json\/wp\/v2\/pages"}],"about":[{"href":"http:\/\/tita.gl\/index.php\/wp-json\/wp\/v2\/types\/page"}],"author":[{"embeddable":true,"href":"http:\/\/tita.gl\/index.php\/wp-json\/wp\/v2\/users\/1"}],"replies":[{"embeddable":true,"href":"http:\/\/tita.gl\/index.php\/wp-json\/wp\/v2\/comments?post=42"}],"version-history":[{"count":11,"href":"http:\/\/tita.gl\/index.php\/wp-json\/wp\/v2\/pages\/42\/revisions"}],"predecessor-version":[{"id":277,"href":"http:\/\/tita.gl\/index.php\/wp-json\/wp\/v2\/pages\/42\/revisions\/277"}],"up":[{"embeddable":true,"href":"http:\/\/tita.gl\/index.php\/wp-json\/wp\/v2\/pages\/4"}],"wp:attachment":[{"href":"http:\/\/tita.gl\/index.php\/wp-json\/wp\/v2\/media?parent=42"}],"curies":[{"name":"wp","href":"https:\/\/api.w.org\/{rel}","templated":true}]}}